{"id":67,"date":"2025-08-09T19:23:05","date_gmt":"2025-08-09T19:23:05","guid":{"rendered":"https:\/\/valestoria.ch\/?page_id=67"},"modified":"2026-04-12T18:42:20","modified_gmt":"2026-04-12T18:42:20","slug":"startseite","status":"publish","type":"page","link":"https:\/\/valestoria.ch\/de\/","title":{"rendered":"Startseite"},"content":{"rendered":"<p>[et_pb_section fb_built=&#8220;1&#8243; admin_label=&#8220;Sektion&#8220; _builder_version=&#8220;4.27.4&#8243; _module_preset=&#8220;default&#8220; transform_scale=&#8220;94%|100%&#8220; transform_scale_tablet=&#8220;94%|100%&#8220; transform_scale_phone=&#8220;94%|100%&#8220; transform_scale_last_edited=&#8220;on|desktop&#8220; transform_scale_linked=&#8220;off&#8220; transform_translate=&#8220;0px|0px&#8220; transform_translate_tablet=&#8220;0px|-10px&#8220; transform_translate_phone=&#8220;-8px|4px&#8220; transform_translate_last_edited=&#8220;on|phone&#8220; transform_translate_linked=&#8220;off&#8220; transform_rotate_tablet=&#8220;&#8220; transform_rotate_phone=&#8220;&#8220; transform_rotate_last_edited=&#8220;on|desktop&#8220; transform_skew_tablet=&#8220;&#8220; transform_skew_phone=&#8220;&#8220; transform_skew_last_edited=&#8220;on|desktop&#8220; transform_origin_tablet=&#8220;&#8220; transform_origin_phone=&#8220;&#8220; transform_origin_last_edited=&#8220;on|desktop&#8220; transform_styles_last_edited=&#8220;on|phone&#8220; overflow-x=&#8220;visible&#8220; overflow-y=&#8220;visible&#8220; custom_margin=&#8220;||||false|false&#8220; mix_blend_mode=&#8220;screen&#8220; transform_styles_tablet=&#8220;&#8220; transform_styles_phone=&#8220;&#8220; global_colors_info=&#8220;{}&#8220;][et_pb_row _builder_version=&#8220;4.27.4&#8243; _module_preset=&#8220;default&#8220; transform_scale_tablet=&#8220;&#8220; transform_scale_phone=&#8220;&#8220; transform_scale_last_edited=&#8220;on|desktop&#8220; transform_translate=&#8220;-32px|0px&#8220; transform_translate_tablet=&#8220;&#8220; transform_translate_phone=&#8220;0px|-12px&#8220; transform_translate_last_edited=&#8220;on|phone&#8220; transform_rotate_tablet=&#8220;&#8220; transform_rotate_phone=&#8220;&#8220; transform_rotate_last_edited=&#8220;on|desktop&#8220; transform_skew_tablet=&#8220;&#8220; transform_skew_phone=&#8220;&#8220; transform_skew_last_edited=&#8220;on|desktop&#8220; transform_origin_tablet=&#8220;&#8220; transform_origin_phone=&#8220;&#8220; transform_origin_last_edited=&#8220;on|desktop&#8220; transform_styles_last_edited=&#8220;on|phone&#8220; min_height=&#8220;293px&#8220; custom_padding=&#8220;146px||146px||false|false&#8220; hover_enabled=&#8220;0&#8243; transform_styles_tablet=&#8220;&#8220; transform_styles_phone=&#8220;&#8220; global_colors_info=&#8220;{}&#8220; sticky_enabled=&#8220;0&#8243;][et_pb_column type=&#8220;4_4&#8243; _builder_version=&#8220;4.27.4&#8243; _module_preset=&#8220;default&#8220; global_colors_info=&#8220;{}&#8220;][et_pb_text _builder_version=&#8220;4.27.4&#8243; _module_preset=&#8220;default&#8220; text_font=&#8220;Montserrat|500|||||||&#8220; transform_scale_tablet=&#8220;&#8220; transform_scale_phone=&#8220;&#8220; transform_scale_last_edited=&#8220;on|phone&#8220; transform_translate=&#8220;3px|0px&#8220; transform_translate_tablet=&#8220;-1px|-4px&#8220; transform_translate_phone=&#8220;4px|-12px&#8220; transform_translate_last_edited=&#8220;on|phone&#8220; transform_rotate_tablet=&#8220;&#8220; transform_rotate_phone=&#8220;&#8220; transform_rotate_last_edited=&#8220;on|phone&#8220; transform_skew_tablet=&#8220;&#8220; transform_skew_phone=&#8220;&#8220; transform_skew_last_edited=&#8220;on|phone&#8220; transform_origin_tablet=&#8220;&#8220; transform_origin_phone=&#8220;&#8220; transform_origin_last_edited=&#8220;on|phone&#8220; transform_styles_last_edited=&#8220;on|phone&#8220; width=&#8220;100%&#8220; max_width_tablet=&#8220;88%&#8220; max_width_phone=&#8220;88%&#8220; max_width_last_edited=&#8220;on|phone&#8220; module_alignment=&#8220;center&#8220; custom_margin=&#8220;||0px||false|false&#8220; custom_padding=&#8220;0px||||false|false&#8220; transform_styles_tablet=&#8220;&#8220; transform_styles_phone=&#8220;&#8220; global_colors_info=&#8220;{}&#8220;]<\/p>\n<h2 style=\"text-align: center;\"><span style=\"color: #000000;\">Wir geben Zeit, Struktur und Verl\u00e4sslichkeit \u2013 damit das Leben im Alter tragf\u00e4hig bleibt.<\/span><\/h2>\n<p style=\"text-align: center;\"><span style=\"color: #000000;\"><\/span><\/p>\n<p style=\"text-align: center;\"><span style=\"color: #000000;\"><\/span><\/p>\n<p style=\"text-align: center;\"><span style=\"color: #000000;\"><strong>\ud83e\udded <\/strong><\/span><span style=\"color: #000000;\"><strong><a href=\"https:\/\/valestoria.ch\/de\/val\/\" style=\"color: #000000;\"><\/a><\/strong><\/span><span style=\"color: #000000;\">Valestoria, \ud83e\uddf5 <\/span><span style=\"color: #000000;\">Val<em>Const<\/em>oria und \ud83c\udfe0 <\/span><span style=\"color: #000000;\">Valconvoria stehen f\u00fcr unterschiedliche Bed\u00fcrfnisse im Alter.<\/span><\/p>\n<p>[\/et_pb_text][\/et_pb_column][\/et_pb_row][et_pb_row column_structure=&#8220;1_3,1_3,1_3&#8243; _builder_version=&#8220;4.27.4&#8243; _module_preset=&#8220;default&#8220; transform_scale_tablet=&#8220;&#8220; transform_scale_phone=&#8220;&#8220; transform_scale_last_edited=&#8220;on|phone&#8220; transform_translate=&#8220;22px|0px&#8220; transform_translate_tablet=&#8220;-52px|-74px&#8220; transform_translate_phone=&#8220;-66px|-63px&#8220; transform_translate_last_edited=&#8220;on|desktop&#8220; transform_rotate_tablet=&#8220;&#8220; transform_rotate_phone=&#8220;&#8220; transform_rotate_last_edited=&#8220;on|phone&#8220; transform_skew_tablet=&#8220;&#8220; transform_skew_phone=&#8220;&#8220; transform_skew_last_edited=&#8220;on|phone&#8220; transform_origin_tablet=&#8220;&#8220; transform_origin_phone=&#8220;&#8220; transform_origin_last_edited=&#8220;on|phone&#8220; transform_styles_last_edited=&#8220;on|desktop&#8220; max_width_tablet=&#8220;&#8220; max_width_phone=&#8220;&#8220; max_width_last_edited=&#8220;on|desktop&#8220; custom_padding=&#8220;12px||142px|||&#8220; hover_enabled=&#8220;0&#8243; transform_styles_tablet=&#8220;&#8220; transform_styles_phone=&#8220;&#8220; global_colors_info=&#8220;{}&#8220; sticky_enabled=&#8220;0&#8243;][et_pb_column type=&#8220;1_3&#8243; _builder_version=&#8220;4.27.4&#8243; _module_preset=&#8220;default&#8220; global_colors_info=&#8220;{}&#8220;][et_pb_text _builder_version=&#8220;4.27.4&#8243; _module_preset=&#8220;default&#8220; text_font=&#8220;Montserrat|500|||||||&#8220; header_font=&#8220;&#8211;et_global_heading_font|700|||||||&#8220; width=&#8220;81%&#8220; max_width=&#8220;91%&#8220; global_colors_info=&#8220;{}&#8220;]<\/p>\n<h1 id=\"h_70234272711766506402780\"><span style=\"color: #000000;\"><strong><a href=\"https:\/\/valestoria.ch\/de\/val\/\" style=\"color: #000000;\">\ud83e\udded Valestoria<\/a><\/strong><\/span><\/h1>\n<p><span style=\"color: #000000;\">Alltagshilfe &amp; Begleitung f\u00fcr Seniorinnen und Senioren<\/span><\/p>\n<p><span style=\"color: #000000;\"><\/span><\/p>\n<p><em><span style=\"color: #000000;\">Begleitung, Unterst\u00fctzung und Struktur im Alltag f\u00fcr Seniorinnen und Senioren sowie Angeh\u00f6rige mit dem Ziel, Selbstst\u00e4ndigkeit zu erhalten und Alltag tragf\u00e4hig zu gestalten.<\/span><\/em><\/p>\n<p><em><span style=\"color: #000000;\"><\/span><\/em><\/p>\n<p><em><span style=\"color: #000000;\"><\/span><\/em><\/p>\n<p><em><span style=\"color: #000000;\"><\/span><\/em><\/p>\n<p><em><span style=\"color: #000000;\"><\/span><\/em><\/p>\n<p><em><span style=\"color: #000000;\"><\/span><\/em><\/p>\n<p>[\/et_pb_text][\/et_pb_column][et_pb_column type=&#8220;1_3&#8243; _builder_version=&#8220;4.27.4&#8243; _module_preset=&#8220;default&#8220; global_colors_info=&#8220;{}&#8220;][et_pb_text _builder_version=&#8220;4.27.4&#8243; _module_preset=&#8220;default&#8220; text_font=&#8220;Montserrat|500|||||||&#8220; header_font=&#8220;&#8211;et_global_heading_font|700|||||||&#8220; width=&#8220;81%&#8220; max_width=&#8220;92%&#8220; custom_padding=&#8220;||0px|||&#8220; global_colors_info=&#8220;{}&#8220;]<\/p>\n<h1><span style=\"color: #000000;\"><a href=\"https:\/\/valestoria.ch\/de\/1084-2\/\" title=\"\ud83e\uddf5 ValConstoria\" style=\"color: #000000;\"><strong>\ud83e\uddf5 Val<em>Const<\/em>oria<\/strong><\/a><\/span><\/h1>\n<p><span style=\"color: #000000;\">Gestaltung, Handwerk &amp; geteilte Erfahrung<\/span><\/p>\n<p><em><span style=\"color: #000000;\"><\/span><\/em><\/p>\n<p><em><span style=\"color: #000000;\">Gestaltung, Handwerk und Umgang mit Material mit Fokus auf Bewahrung, Weiterverwendung sowie das Weitertragen von Erfahrung und Geschichte von Seniorinnen und Senioren, die sich in Material, Arbeit und Gebrauch niederschlagen.<\/span><\/em><\/p>\n<p><em><span style=\"color: #000000;\"><\/span><\/em><\/p>\n<p><em><span style=\"color: #000000;\"><\/span><\/em><\/p>\n<p><em><span style=\"color: #000000;\"><\/span><\/em><\/p>\n<p>[\/et_pb_text][\/et_pb_column][et_pb_column type=&#8220;1_3&#8243; _builder_version=&#8220;4.27.4&#8243; _module_preset=&#8220;default&#8220; global_colors_info=&#8220;{}&#8220;][et_pb_text _builder_version=&#8220;4.27.4&#8243; _module_preset=&#8220;default&#8220; text_font=&#8220;Montserrat|500|||||||&#8220; header_font=&#8220;&#8211;et_global_heading_font|700|||||||&#8220; width=&#8220;81%&#8220; max_width=&#8220;91%&#8220; global_colors_info=&#8220;{}&#8220;]<\/p>\n<h1><span style=\"color: #000000;\"><a href=\"https:\/\/valestoria.ch\/de\/1093-2\/\" style=\"color: #000000;\"><strong>\ud83c\udfe0 Valconvoria<\/strong><\/a><\/span><\/h1>\n<p><span style=\"color: #000000;\">Alternative Wohn- und Lebensformen im Alter<\/span><\/p>\n<p><span style=\"color: #000000;\"><\/span><\/p>\n<p><em><span style=\"color: #000000;\">Wohn- und Lebensformen im Alter mit Fokus auf Sicherheit, Autonomie und Gemeinschaft.<\/span><\/em><\/p>\n<p><span style=\"color: #000000;\"><\/span><\/p>\n<p><span style=\"color: #000000;\"><\/span><\/p>\n<p><span style=\"color: #000000;\"><\/span><\/p>\n<p><span style=\"color: #000000;\"><\/span><\/p>\n<p><span style=\"color: #000000;\"><\/span><\/p>\n<p><span style=\"color: #000000;\"><\/span><\/p>\n<p><span style=\"color: #000000;\"><\/span><\/p>\n<p><span style=\"color: #000000;\"><\/span><\/p>\n<p><span style=\"color: #000000;\"><\/span><\/p>\n<p><span style=\"color: #000000;\"><\/span><\/p>\n<p><span style=\"color: #000000;\"><\/span><\/p>\n<p><span style=\"color: #000000;\"><\/span><\/p>\n<p><span style=\"color: #000000;\"><\/span><\/p>\n<p><span style=\"color: #000000;\"><\/span><\/p>\n<p><span style=\"color: #000000;\"><\/span><\/p>\n<p>[\/et_pb_text][\/et_pb_column][\/et_pb_row][\/et_pb_section]<\/p>\n","protected":false},"excerpt":{"rendered":"<p>Individuelle Unterst\u00fctzung, Alltagshilfe, Beratung und Direktanstellung von Haushaltshilfen. Valestoria F\u00e4h Care \u2013 zuverl\u00e4ssig, empathisch, pers\u00f6nlich.<\/p>\n","protected":false},"author":1,"featured_media":0,"parent":0,"menu_order":0,"comment_status":"closed","ping_status":"closed","template":"","meta":{"_et_pb_use_builder":"on","_et_pb_old_content":"","_et_gb_content_width":"","footnotes":""},"class_list":["post-67","page","type-page","status-publish","hentry"],"_links":{"self":[{"href":"https:\/\/valestoria.ch\/de\/wp-json\/wp\/v2\/pages\/67","targetHints":{"allow":["GET"]}}],"collection":[{"href":"https:\/\/valestoria.ch\/de\/wp-json\/wp\/v2\/pages"}],"about":[{"href":"https:\/\/valestoria.ch\/de\/wp-json\/wp\/v2\/types\/page"}],"author":[{"embeddable":true,"href":"https:\/\/valestoria.ch\/de\/wp-json\/wp\/v2\/users\/1"}],"replies":[{"embeddable":true,"href":"https:\/\/valestoria.ch\/de\/wp-json\/wp\/v2\/comments?post=67"}],"version-history":[{"count":120,"href":"https:\/\/valestoria.ch\/de\/wp-json\/wp\/v2\/pages\/67\/revisions"}],"predecessor-version":[{"id":1957,"href":"https:\/\/valestoria.ch\/de\/wp-json\/wp\/v2\/pages\/67\/revisions\/1957"}],"wp:attachment":[{"href":"https:\/\/valestoria.ch\/de\/wp-json\/wp\/v2\/media?parent=67"}],"curies":[{"name":"wp","href":"https:\/\/api.w.org\/{rel}","templated":true}]}}