{"id":2101,"date":"2026-05-02T19:24:20","date_gmt":"2026-05-02T19:24:20","guid":{"rendered":"https:\/\/valestoria.ch\/?page_id=2101"},"modified":"2026-05-02T19:48:19","modified_gmt":"2026-05-02T19:48:19","slug":"serafina-corsini-mobiler-coiffeur-service","status":"publish","type":"page","link":"https:\/\/valestoria.ch\/fr\/serafina-corsini-mobiler-coiffeur-service\/","title":{"rendered":"Mobiler Coiffeur-Service"},"content":{"rendered":"[et_pb_section admin_label=&#8220;section&#8220;]\n\t\t\t[et_pb_row admin_label=&#8220;row&#8220;]\n\t\t\t\t[et_pb_column type=&#8220;4_4&#8243;][et_pb_text admin_label=&#8220;Text&#8220;]\n<div class=\"wp-block-columns is-layout-flex wp-container-core-columns-is-layout-9d6595d7 wp-block-columns-is-layout-flex\">\n<div class=\"wp-block-column is-vertically-aligned-stretch is-layout-flow wp-block-column-is-layout-flow\">\n<h2 class=\"wp-block-heading\">Serafina Corsini<\/h2>\n\n\n\n<p>Der Weg in einen Coiffeursalon ist im Alter oft beschwerlich. Serafina bringt ihre professionelle Arbeit direkt in das vertraute Zuhause.<\/p>\n\n\n\n<p>Sie ist zugewandt, nimmt die Bed\u00fcrfnisse ernst und passt sich an. <\/p>\n\n\n\n<p>Erfahrungen zeigen: Ihre Besuche tragen sp\u00fcrbar zur Lebensqualit\u00e4t bei.<\/p>\n\n\n\n<p>So wird ihr Besuch zu einem wertvollen Baustein f\u00fcr das Wohlbefinden zu Hause. <\/p>\n\n\n\n<p>Weitere Informationen: <a href=\"https:\/\/www.instagram.com\/profilcoiffurebyserafina\/\" data-type=\"link\" data-id=\"https:\/\/www.instagram.com\/profilcoiffurebyserafina\/\" target=\"_blank\" rel=\"noopener\">Instagram<\/a><\/p>\n<\/div>\n\n\n\n<div class=\"wp-block-column is-vertically-aligned-bottom is-layout-flow wp-block-column-is-layout-flow\">\n<figure class=\"wp-block-image alignright size-full\"><img loading=\"lazy\" decoding=\"async\" width=\"1920\" height=\"2560\" src=\"https:\/\/valestoria.ch\/wp-content\/uploads\/2026\/05\/20260502_112528-scaled.jpg\" alt=\"\" class=\"wp-image-2102\" style=\"aspect-ratio:2\/3;object-fit:contain\" title=\"\" srcset=\"https:\/\/valestoria.ch\/wp-content\/uploads\/2026\/05\/20260502_112528-scaled.jpg 1920w, https:\/\/valestoria.ch\/wp-content\/uploads\/2026\/05\/20260502_112528-1280x1707.jpg 1280w, https:\/\/valestoria.ch\/wp-content\/uploads\/2026\/05\/20260502_112528-980x1307.jpg 980w, https:\/\/valestoria.ch\/wp-content\/uploads\/2026\/05\/20260502_112528-480x640.jpg 480w\" sizes=\"(min-width: 0px) and (max-width: 480px) 480px, (min-width: 481px) and (max-width: 980px) 980px, (min-width: 981px) and (max-width: 1280px) 1280px, (min-width: 1281px) 1920px, 100vw\" \/><\/figure>\n<\/div>\n<\/div>\n[\/et_pb_text][\/et_pb_column]\n\t\t\t[\/et_pb_row]\n\t\t[\/et_pb_section]","protected":false},"excerpt":{"rendered":"<p>Serafina Corsini Der Weg in einen Coiffeursalon ist im Alter oft beschwerlich. Serafina bringt ihre professionelle Arbeit direkt in das vertraute Zuhause. Sie ist zugewandt, nimmt die Bed\u00fcrfnisse ernst und passt sich an. Erfahrungen zeigen: Ihre Besuche tragen sp\u00fcrbar zur Lebensqualit\u00e4t bei. So wird ihr Besuch zu einem wertvollen Baustein f\u00fcr das Wohlbefinden zu Hause. [&hellip;]<\/p>\n","protected":false},"author":1,"featured_media":0,"parent":0,"menu_order":0,"comment_status":"closed","ping_status":"closed","template":"","meta":{"_et_pb_use_builder":"on","_et_pb_old_content":"<!-- wp:columns {\"verticalAlignment\":null} -->\n<div class=\"wp-block-columns\"><!-- wp:column {\"verticalAlignment\":\"stretch\"} -->\n<div class=\"wp-block-column is-vertically-aligned-stretch\"><!-- wp:heading -->\n<h2 class=\"wp-block-heading\">Serafina Corsini<\/h2>\n<!-- \/wp:heading -->\n\n<!-- wp:paragraph -->\n<p>Der Weg in einen Coiffeursalon ist im Alter oft beschwerlich. Serafina bringt ihre professionelle Arbeit direkt in das vertraute Zuhause.<\/p>\n<!-- \/wp:paragraph -->\n\n<!-- wp:paragraph -->\n<p>Sie ist zugewandt, nimmt die Bed\u00fcrfnisse ernst und passt sich an. <\/p>\n<!-- \/wp:paragraph -->\n\n<!-- wp:paragraph -->\n<p>Erfahrungen zeigen: Ihre Besuche tragen sp\u00fcrbar zur Lebensqualit\u00e4t bei.<\/p>\n<!-- \/wp:paragraph -->\n\n<!-- wp:paragraph -->\n<p>So wird ihr Besuch zu einem wertvollen Baustein f\u00fcr das Wohlbefinden zu Hause. <\/p>\n<!-- \/wp:paragraph -->\n\n<!-- wp:paragraph -->\n<p>Weitere Informationen: <a href=\"https:\/\/www.instagram.com\/profilcoiffurebyserafina\/\" data-type=\"link\" data-id=\"https:\/\/www.instagram.com\/profilcoiffurebyserafina\/\">Instagram<\/a><\/p>\n<!-- \/wp:paragraph --><\/div>\n<!-- \/wp:column -->\n\n<!-- wp:column {\"verticalAlignment\":\"bottom\"} -->\n<div class=\"wp-block-column is-vertically-aligned-bottom\"><!-- wp:image {\"id\":2102,\"aspectRatio\":\"2\/3\",\"scale\":\"contain\",\"sizeSlug\":\"full\",\"linkDestination\":\"none\",\"align\":\"right\"} -->\n<figure class=\"wp-block-image alignright size-full\"><img src=\"https:\/\/valestoria.ch\/wp-content\/uploads\/2026\/05\/20260502_112528-scaled.jpg\" alt=\"\" class=\"wp-image-2102\" style=\"aspect-ratio:2\/3;object-fit:contain\"\/><\/figure>\n<!-- \/wp:image --><\/div>\n<!-- \/wp:column --><\/div>\n<!-- \/wp:columns -->","_et_gb_content_width":"","footnotes":""},"class_list":["post-2101","page","type-page","status-publish","hentry"],"_links":{"self":[{"href":"https:\/\/valestoria.ch\/fr\/wp-json\/wp\/v2\/pages\/2101","targetHints":{"allow":["GET"]}}],"collection":[{"href":"https:\/\/valestoria.ch\/fr\/wp-json\/wp\/v2\/pages"}],"about":[{"href":"https:\/\/valestoria.ch\/fr\/wp-json\/wp\/v2\/types\/page"}],"author":[{"embeddable":true,"href":"https:\/\/valestoria.ch\/fr\/wp-json\/wp\/v2\/users\/1"}],"replies":[{"embeddable":true,"href":"https:\/\/valestoria.ch\/fr\/wp-json\/wp\/v2\/comments?post=2101"}],"version-history":[{"count":3,"href":"https:\/\/valestoria.ch\/fr\/wp-json\/wp\/v2\/pages\/2101\/revisions"}],"predecessor-version":[{"id":2107,"href":"https:\/\/valestoria.ch\/fr\/wp-json\/wp\/v2\/pages\/2101\/revisions\/2107"}],"wp:attachment":[{"href":"https:\/\/valestoria.ch\/fr\/wp-json\/wp\/v2\/media?parent=2101"}],"curies":[{"name":"wp","href":"https:\/\/api.w.org\/{rel}","templated":true}]}}